{"id":22659,"date":"2024-10-31T14:02:52","date_gmt":"2024-10-31T14:02:52","guid":{"rendered":"http:\/\/www.basagliarotanodari.com\/informativa-sulla-privacy\/"},"modified":"2024-10-31T14:30:26","modified_gmt":"2024-10-31T14:30:26","slug":"privacy-policy","status":"publish","type":"page","link":"https:\/\/www.basagliarotanodari.com\/en\/privacy-policy\/","title":{"rendered":"Privacy Policy"},"content":{"rendered":"\t\t<div data-elementor-type=\"wp-page\" data-elementor-id=\"22659\" class=\"elementor elementor-22659 elementor-22614\" data-elementor-post-type=\"page\">\n\t\t\t\t<div class=\"elementor-element elementor-element-5f4a043 e-flex e-con-boxed e-con e-parent\" data-id=\"5f4a043\" data-element_type=\"container\" data-e-type=\"container\">\n\t\t\t\t\t<div class=\"e-con-inner\">\n\t\t\t\t<div class=\"elementor-element elementor-element-4630219 elementor-widget elementor-widget-heading\" data-id=\"4630219\" data-element_type=\"widget\" data-e-type=\"widget\" data-widget_type=\"heading.default\">\n\t\t\t\t<div class=\"elementor-widget-container\">\n\t\t\t\t\t<h1 class=\"elementor-heading-title elementor-size-default\">Privacy Policy<\/h1>\t\t\t\t<\/div>\n\t\t\t\t<\/div>\n\t\t\t\t<div class=\"elementor-element elementor-element-ae13743 elementor-widget elementor-widget-text-editor\" data-id=\"ae13743\" data-element_type=\"widget\" data-e-type=\"widget\" data-widget_type=\"text-editor.default\">\n\t\t\t\t<div class=\"elementor-widget-container\">\n\t\t\t\t\t\t\t\t\t<p>In questa pagina si descrivono le modalit\u00e0 di gestione del sito con riferimento al trattamento dei dati personali degli utenti che lo consultano, ai sensi del D.Lgs.196\/2003 (Codice della Privacy) e Regolamento UE 679\/2016 (GDPR).<\/p><p><strong>1. Natura dei dati trattati<\/strong><\/p><p>Dati di navigazione \/ utilizzo<\/p><p>I sistemi informatici e le procedure software preposte al funzionamento di questo sito web acquisiscono, nel corso del loro normale esercizio, alcuni dati personali la cui trasmissione \u00e8 implicita nell&#8217;uso dei protocolli di comunicazione di Internet. Si tratta di informazioni che non sono raccolte per essere associate a interessati identificati, ma che per loro stessa natura potrebbero, attraverso elaborazioni ed associazioni con dati detenuti da terzi, permettere di identificare gli utenti. In questa categoria di dati rientrano gli indirizzi IP o i nomi a dominio dei computer utilizzati dagli utenti che si connettono al sito, gli indirizzi in notazione URI (Uniform Resource Identifier) delle risorse richieste, l&#8217;orario della richiesta, il metodo utilizzato nel sottoporre la richiesta al server, la dimensione del file ottenuto in risposta, il codice numerico indicante lo stato della risposta data dal server (buon fine, errore, ecc.) ed altri parametri relativi al sistema operativo e all&#8217;ambiente informatico dell&#8217;utente.<\/p><p>Dati forniti volontariamente dall&#8217;utente<\/p><p>L&#8217;invio facoltativo, esplicito e volontario di posta elettronica agli indirizzi indicati su questo sito comporta la successiva acquisizione dell&#8217;indirizzo del mittente, necessario per rispondere alle richieste, nonch\u00e9 degli eventuali altri dati personali inseriti nella missiva.<\/p><p>Cookie \u2013 Vedi relativa informativa.<\/p><p><strong>2. Finalit\u00e0 del trattamento<\/strong><\/p><p>I <b>dati di navigazione \/ utilizzo<\/b>, descritti nel precedente punto 1, vengono utilizzati al solo fine di ricavare informazioni statistiche anonime sull&#8217;uso del sito e per controllarne il corretto funzionamento. I dati potrebbero essere utilizzati per l&#8217;accertamento di responsabilit\u00e0 in caso di ipotetici reati informatici ai danni del sito. I <b>dati personali forniti spontaneamente degli utenti<\/b> che consultano il sito saranno trattati per le seguenti finalit\u00e0:<\/p><ul><li>Contattare l&#8217;utente<\/li><li>Statistica visite al sito<\/li><li>Ottimizzazione e distribuzione del traffico<\/li><li>Interazione con social network e piattaforme esterne<\/li><\/ul><p><b>3. Basi giuridiche del trattamento<\/b><\/p><p>I dati personali forniti spontaneamente dagli utenti saranno trattati in forza del consenso espresso in fase di registrazione al sito. Per quanto riguarda le informazioni tecniche strettamente necessarie per l\u2019erogazione del servizio (dati di navigazione \/ utilizzo), tali dati saranno trattati poich\u00e9 necessari per il perseguimento del nostro legittimo interesse di ottimizzazione del sito internet, nonch\u00e9 al fine di migliorarne performances e contenuti.<\/p><p><b>4. Modalit\u00e0 del trattamento e periodo di conservazione dei dati<\/b><\/p><p>Il trattamento dei dati sar\u00e0 effettuato sia manualmente sia con l&#8217;ausilio di mezzi informatici e telematici a mezzo posta ordinaria od elettronica. I dati saranno conservati sia in archivi cartacei sia in archivi elettronici per il tempo strettamente necessario a realizzare le finalit\u00e0 di cui al punto 2 e comunque, in seguito all\u2019esaurimento di tali finalit\u00e0. Specifiche misure di sicurezza sono osservate per prevenire la perdita dei dati, usi illeciti o non corretti ed accessi non autorizzati.<\/p><p><b>5. Obbligo o facolt\u00e0 di conferire i dati<\/b><\/p><p>A parte quanto specificato per i dati di navigazione, l&#8217;utente \u00e8 libero di fornire i dati personali richiesti dai vari servizi del sito. Il loro mancato conferimento pu\u00f2 comportare l&#8217;impossibilit\u00e0 di ottenere quanto richiesto.<\/p><p><b>6. Comunicazione e diffusione dei dati personali<\/b><\/p><p>I dati personali raccolti dal sito internet non sono soggetti a diffusione generalizzata. Tali dati potranno essere trattati, per le finalit\u00e0 di cui al punto 2, dai soggetti incaricati all&#8217;elaborazione dati e sistemi informativi, nonch\u00e9 dai soggetti incaricati alla gestione tecnica del sito internet.<\/p><p><b>7. Diritti degli interessati<\/b><\/p><p>La normativa sulla privacy (artt. 7-10 del Codice privacy e artt. 12-22 del Regolamento UE 679\/2016) garantisce agli interessati il diritto di essere informati sui trattamenti dei dati che li riguardano e il diritto di accedere in ogni momento ai dati stessi e di richiederne l\u2019aggiornamento, l\u2019integrazione e la rettifica. Ove ricorrano le condizioni previste dalla normativa, l\u2019interessato pu\u00f2 inoltre vantare il diritto alla cancellazione dei dati, alla limitazione del loro trattamento, alla portabilit\u00e0 dei dati, all\u2019opposizione al trattamento, a non essere sottoposto a decisioni basate unicamente sul trattamento automatizzato. Qualora il trattamento dei dati personali sia fondato sul consenso dell\u2019interessato questi ha diritto a revocare il consenso prestato. Per l\u2019esercizio dei Suoi diritti, nonch\u00e9 per informazioni pi\u00f9 dettagliate circa i soggetti o le categorie di soggetti ai quali sono comunicati i dati o che ne vengono a conoscenza in qualit\u00e0 di responsabili o incaricati, l\u2019interessato potr\u00e0 contattare ai seguenti recapiti: tel e indirizzo e-mail . Ove l\u2019interessato ritenga lesi i Suoi diritti, potr\u00e0 tutelarsi proponendo reclamo innanzi al Garante per la protezione dei dati personali.<\/p><p><b>8. Titolare e responsabili del trattamento<\/b><\/p><p>Titolare del trattamento \u00e8 ALBERTO BASAGLIA NATALIA ROTA NODARI ARCHITETTI ASSOCIATI, con sede in Via Donizetti 109, 24030 Brembate di Sopra (BG). L\u2019elenco aggiornato dei responsabili al trattamento \u00e8 custodito presso la sede legale del Titolare del trattamento.<\/p><p><b>9. Modifiche a questa privacy policy<\/b><\/p><p>Il Titolare del Trattamento si riserva il diritto di apportare modifiche alla presente privacy policy in qualunque momento dandone avviso agli Utenti su questa pagina. Si prega dunque di consultare spesso questa pagina, prendendo come riferimento la data di ultima modifica indicata in fondo. Nel caso di mancata accettazione delle modifiche apportate alla presente privacy policy, l&#8217;Utente pu\u00f2 richiedere al Titolare del Trattamento di rimuovere i propri dati personali. Salvo quanto diversamente specificato, la precedente privacy policy continuer\u00e0 ad applicarsi ai Dati Personali sino a quel momento raccolti.<\/p>\t\t\t\t\t\t\t\t<\/div>\n\t\t\t\t<\/div>\n\t\t\t\t\t<\/div>\n\t\t\t\t<\/div>\n\t\t\t\t<\/div>\n\t\t","protected":false},"excerpt":{"rendered":"<p>In questa pagina si descrivono le modalit\u00e0 di gestione del sito con riferimento al trattamento dei dati personali degli utenti che lo consultano, ai sensi del D.Lgs.196\/2003 (Codice della Privacy) e Regolamento UE 679\/2016 (GDPR). 1. Natura dei dati trattati Dati di navigazione \/ utilizzo I sistemi informatici e le procedure software preposte al funzionamento [&hellip;]<\/p>\n","protected":false},"author":1,"featured_media":0,"parent":0,"menu_order":0,"comment_status":"closed","ping_status":"closed","template":"","meta":{"_acf_changed":false,"footnotes":""},"class_list":["post-22659","page","type-page","status-publish","hentry"],"acf":[],"yoast_head":"<!-- This site is optimized with the Yoast SEO plugin v26.9 - https:\/\/yoast.com\/product\/yoast-seo-wordpress\/ -->\n<title>Privacy Policy - Basaglia Rota Nodari Architetti Associati Basaglia Rota Nodari Architetti Associati<\/title>\n<meta name=\"robots\" content=\"index, follow, max-snippet:-1, max-image-preview:large, max-video-preview:-1\" \/>\n<link rel=\"canonical\" href=\"https:\/\/www.basagliarotanodari.com\/en\/privacy-policy\/\" \/>\n<meta property=\"og:locale\" content=\"en_US\" \/>\n<meta property=\"og:type\" content=\"article\" \/>\n<meta property=\"og:title\" content=\"Privacy Policy - Basaglia Rota Nodari Architetti Associati Basaglia Rota Nodari Architetti Associati\" \/>\n<meta property=\"og:description\" content=\"In questa pagina si descrivono le modalit\u00e0 di gestione del sito con riferimento al trattamento dei dati personali degli utenti che lo consultano, ai sensi del D.Lgs.196\/2003 (Codice della Privacy) e Regolamento UE 679\/2016 (GDPR). 1. Natura dei dati trattati Dati di navigazione \/ utilizzo I sistemi informatici e le procedure software preposte al funzionamento [&hellip;]\" \/>\n<meta property=\"og:url\" content=\"https:\/\/www.basagliarotanodari.com\/en\/privacy-policy\/\" \/>\n<meta property=\"og:site_name\" content=\"Basaglia Rota Nodari Architetti Associati Basaglia Rota Nodari Architetti Associati\" \/>\n<meta property=\"article:modified_time\" content=\"2024-10-31T14:30:26+00:00\" \/>\n<meta name=\"twitter:card\" content=\"summary_large_image\" \/>\n<meta name=\"twitter:label1\" content=\"Est. reading time\" \/>\n\t<meta name=\"twitter:data1\" content=\"5 minutes\" \/>\n<script type=\"application\/ld+json\" class=\"yoast-schema-graph\">{\"@context\":\"https:\/\/schema.org\",\"@graph\":[{\"@type\":\"WebPage\",\"@id\":\"https:\/\/www.basagliarotanodari.com\/en\/privacy-policy\/\",\"url\":\"https:\/\/www.basagliarotanodari.com\/en\/privacy-policy\/\",\"name\":\"Privacy Policy - Basaglia Rota Nodari Architetti Associati Basaglia Rota Nodari Architetti Associati\",\"isPartOf\":{\"@id\":\"https:\/\/www.basagliarotanodari.com\/#website\"},\"datePublished\":\"2024-10-31T14:02:52+00:00\",\"dateModified\":\"2024-10-31T14:30:26+00:00\",\"breadcrumb\":{\"@id\":\"https:\/\/www.basagliarotanodari.com\/en\/privacy-policy\/#breadcrumb\"},\"inLanguage\":\"en-US\",\"potentialAction\":[{\"@type\":\"ReadAction\",\"target\":[\"https:\/\/www.basagliarotanodari.com\/en\/privacy-policy\/\"]}]},{\"@type\":\"BreadcrumbList\",\"@id\":\"https:\/\/www.basagliarotanodari.com\/en\/privacy-policy\/#breadcrumb\",\"itemListElement\":[{\"@type\":\"ListItem\",\"position\":1,\"name\":\"Home\",\"item\":\"https:\/\/www.basagliarotanodari.com\/\"},{\"@type\":\"ListItem\",\"position\":2,\"name\":\"Privacy Policy\"}]},{\"@type\":\"WebSite\",\"@id\":\"https:\/\/www.basagliarotanodari.com\/#website\",\"url\":\"https:\/\/www.basagliarotanodari.com\/\",\"name\":\"Basaglia Rota Nodari Architetti Associati Basaglia Rota Nodari Architetti Associati\",\"description\":\"\",\"potentialAction\":[{\"@type\":\"SearchAction\",\"target\":{\"@type\":\"EntryPoint\",\"urlTemplate\":\"https:\/\/www.basagliarotanodari.com\/?s={search_term_string}\"},\"query-input\":{\"@type\":\"PropertyValueSpecification\",\"valueRequired\":true,\"valueName\":\"search_term_string\"}}],\"inLanguage\":\"en-US\"}]}<\/script>\n<!-- \/ Yoast SEO plugin. -->","yoast_head_json":{"title":"Privacy Policy - Basaglia Rota Nodari Architetti Associati Basaglia Rota Nodari Architetti Associati","robots":{"index":"index","follow":"follow","max-snippet":"max-snippet:-1","max-image-preview":"max-image-preview:large","max-video-preview":"max-video-preview:-1"},"canonical":"https:\/\/www.basagliarotanodari.com\/en\/privacy-policy\/","og_locale":"en_US","og_type":"article","og_title":"Privacy Policy - Basaglia Rota Nodari Architetti Associati Basaglia Rota Nodari Architetti Associati","og_description":"In questa pagina si descrivono le modalit\u00e0 di gestione del sito con riferimento al trattamento dei dati personali degli utenti che lo consultano, ai sensi del D.Lgs.196\/2003 (Codice della Privacy) e Regolamento UE 679\/2016 (GDPR). 1. Natura dei dati trattati Dati di navigazione \/ utilizzo I sistemi informatici e le procedure software preposte al funzionamento [&hellip;]","og_url":"https:\/\/www.basagliarotanodari.com\/en\/privacy-policy\/","og_site_name":"Basaglia Rota Nodari Architetti Associati Basaglia Rota Nodari Architetti Associati","article_modified_time":"2024-10-31T14:30:26+00:00","twitter_card":"summary_large_image","twitter_misc":{"Est. reading time":"5 minutes"},"schema":{"@context":"https:\/\/schema.org","@graph":[{"@type":"WebPage","@id":"https:\/\/www.basagliarotanodari.com\/en\/privacy-policy\/","url":"https:\/\/www.basagliarotanodari.com\/en\/privacy-policy\/","name":"Privacy Policy - Basaglia Rota Nodari Architetti Associati Basaglia Rota Nodari Architetti Associati","isPartOf":{"@id":"https:\/\/www.basagliarotanodari.com\/#website"},"datePublished":"2024-10-31T14:02:52+00:00","dateModified":"2024-10-31T14:30:26+00:00","breadcrumb":{"@id":"https:\/\/www.basagliarotanodari.com\/en\/privacy-policy\/#breadcrumb"},"inLanguage":"en-US","potentialAction":[{"@type":"ReadAction","target":["https:\/\/www.basagliarotanodari.com\/en\/privacy-policy\/"]}]},{"@type":"BreadcrumbList","@id":"https:\/\/www.basagliarotanodari.com\/en\/privacy-policy\/#breadcrumb","itemListElement":[{"@type":"ListItem","position":1,"name":"Home","item":"https:\/\/www.basagliarotanodari.com\/"},{"@type":"ListItem","position":2,"name":"Privacy Policy"}]},{"@type":"WebSite","@id":"https:\/\/www.basagliarotanodari.com\/#website","url":"https:\/\/www.basagliarotanodari.com\/","name":"Basaglia Rota Nodari Architetti Associati Basaglia Rota Nodari Architetti Associati","description":"","potentialAction":[{"@type":"SearchAction","target":{"@type":"EntryPoint","urlTemplate":"https:\/\/www.basagliarotanodari.com\/?s={search_term_string}"},"query-input":{"@type":"PropertyValueSpecification","valueRequired":true,"valueName":"search_term_string"}}],"inLanguage":"en-US"}]}},"_links":{"self":[{"href":"https:\/\/www.basagliarotanodari.com\/en\/wp-json\/wp\/v2\/pages\/22659","targetHints":{"allow":["GET"]}}],"collection":[{"href":"https:\/\/www.basagliarotanodari.com\/en\/wp-json\/wp\/v2\/pages"}],"about":[{"href":"https:\/\/www.basagliarotanodari.com\/en\/wp-json\/wp\/v2\/types\/page"}],"author":[{"embeddable":true,"href":"https:\/\/www.basagliarotanodari.com\/en\/wp-json\/wp\/v2\/users\/1"}],"replies":[{"embeddable":true,"href":"https:\/\/www.basagliarotanodari.com\/en\/wp-json\/wp\/v2\/comments?post=22659"}],"version-history":[{"count":0,"href":"https:\/\/www.basagliarotanodari.com\/en\/wp-json\/wp\/v2\/pages\/22659\/revisions"}],"wp:attachment":[{"href":"https:\/\/www.basagliarotanodari.com\/en\/wp-json\/wp\/v2\/media?parent=22659"}],"curies":[{"name":"wp","href":"https:\/\/api.w.org\/{rel}","templated":true}]}}